{"id":694,"date":"2023-05-10T01:03:28","date_gmt":"2023-05-09T23:03:28","guid":{"rendered":"https:\/\/plomariplatinum.com\/?page_id=694"},"modified":"2026-02-22T19:50:57","modified_gmt":"2026-02-22T17:50:57","slug":"kontakt","status":"publish","type":"page","link":"https:\/\/plomariplatinum.com\/sv\/contact\/","title":{"rendered":"Kontakt"},"content":{"rendered":"\t\t<div data-elementor-type=\"wp-page\" data-elementor-id=\"694\" class=\"elementor elementor-694\">\n\t\t\t\t\t\t<section class=\"elementor-section elementor-top-section elementor-element elementor-element-a73fc37 animated-slow elementor-section-full_width elementor-section-height-default elementor-section-height-default elementor-invisible\" data-id=\"a73fc37\" data-element_type=\"section\" data-e-type=\"section\" data-settings=\"{&quot;background_background&quot;:&quot;classic&quot;,&quot;animation&quot;:&quot;fadeIn&quot;}\">\n\t\t\t\t\t\t<div class=\"elementor-container elementor-column-gap-no\">\n\t\t\t\t\t<div class=\"elementor-column elementor-col-100 elementor-top-column elementor-element elementor-element-bedec5d\" data-id=\"bedec5d\" data-element_type=\"column\" data-e-type=\"column\" data-settings=\"{&quot;background_background&quot;:&quot;classic&quot;}\">\n\t\t\t<div class=\"elementor-widget-wrap elementor-element-populated\">\n\t\t\t\t\t\t<div class=\"elementor-element elementor-element-5219dab elementor-widget elementor-widget-spacer\" data-id=\"5219dab\" data-element_type=\"widget\" data-e-type=\"widget\" data-widget_type=\"spacer.default\">\n\t\t\t\t<div class=\"elementor-widget-container\">\n\t\t\t\t\t\t\t<div class=\"elementor-spacer\">\n\t\t\t<div class=\"elementor-spacer-inner\"><\/div>\n\t\t<\/div>\n\t\t\t\t\t\t<\/div>\n\t\t\t\t<\/div>\n\t\t\t\t<div class=\"elementor-element elementor-element-6858606c animated-fast elementor-invisible elementor-widget elementor-widget-heading\" data-id=\"6858606c\" data-element_type=\"widget\" data-e-type=\"widget\" data-settings=\"{&quot;_animation&quot;:&quot;fadeInUp&quot;}\" data-widget_type=\"heading.default\">\n\t\t\t\t<div class=\"elementor-widget-container\">\n\t\t\t\t\t<p class=\"elementor-heading-title elementor-size-default\">Get in touch with us!<\/p>\t\t\t\t<\/div>\n\t\t\t\t<\/div>\n\t\t\t\t<section class=\"elementor-section elementor-inner-section elementor-element elementor-element-4be636a elementor-section-full_width elementor-section-content-middle elementor-section-height-default elementor-section-height-default\" data-id=\"4be636a\" data-element_type=\"section\" data-e-type=\"section\">\n\t\t\t\t\t\t<div class=\"elementor-container elementor-column-gap-default\">\n\t\t\t\t\t<div class=\"elementor-column elementor-col-50 elementor-inner-column elementor-element elementor-element-252b080\" data-id=\"252b080\" data-element_type=\"column\" data-e-type=\"column\" data-settings=\"{&quot;background_background&quot;:&quot;classic&quot;,&quot;animation&quot;:&quot;none&quot;}\">\n\t\t\t<div class=\"elementor-widget-wrap elementor-element-populated\">\n\t\t\t\t\t\t<div class=\"elementor-element elementor-element-ad4eb04 elementor-widget elementor-widget-heading\" data-id=\"ad4eb04\" data-element_type=\"widget\" data-e-type=\"widget\" data-settings=\"{&quot;_animation&quot;:&quot;none&quot;}\" data-widget_type=\"heading.default\">\n\t\t\t\t<div class=\"elementor-widget-container\">\n\t\t\t\t\t<p class=\"elementor-heading-title elementor-size-default\">Inquiries &amp; orders<\/p>\t\t\t\t<\/div>\n\t\t\t\t<\/div>\n\t\t\t\t<div class=\"elementor-element elementor-element-19573c6 elementor-widget elementor-widget-wpforms\" data-id=\"19573c6\" data-element_type=\"widget\" data-e-type=\"widget\" data-settings=\"{&quot;_animation&quot;:&quot;none&quot;}\" data-widget_type=\"wpforms.default\">\n\t\t\t\t<div class=\"elementor-widget-container\">\n\t\t\t\t\t<style id=\"wpforms-css-vars-elementor-widget-19573c6\">\n\t\t\t\t.elementor-widget-wpforms.elementor-element-19573c6 {\n\t\t\t\t--wpforms-field-border-radius: 5px;\n--wpforms-field-text-color: #3A3A3A;\n--wpforms-button-border-radius: 5px;\n--wpforms-button-background-color: #3A3A3A;\n--wpforms-button-size-font-size: 20px;\n--wpforms-button-size-height: 48px;\n--wpforms-button-size-padding-h: 20px;\n--wpforms-button-size-margin-top: 15px;\n\t\t\t}\n\t\t\t<\/style><div class=\"wpforms-container wpforms-container-full wpforms-render-modern\" id=\"wpforms-2173\"><form id=\"wpforms-form-2173\" class=\"wpforms-validate wpforms-form wpforms-ajax-form\" data-formid=\"2173\" method=\"post\" enctype=\"multipart\/form-data\" action=\"\/sv\/wp-json\/wp\/v2\/pages\/694\" data-token=\"13f162c22576ce0f6c3bef302d45ca7f\" data-token-time=\"1777028088\"><noscript class=\"wpforms-error-noscript\">Aktivera JavaScript i din webbl\u00e4sare f\u00f6r att fylla i formul\u00e4ret.<\/noscript><div id=\"wpforms-error-noscript\" style=\"display: none;\">Aktivera JavaScript i din webbl\u00e4sare f\u00f6r att fylla i formul\u00e4ret.<\/div><div class=\"wpforms-field-container\">\t\t<div id=\"wpforms-2173-field_4-container\"\n\t\t\tclass=\"wpforms-field wpforms-field-text\"\n\t\t\tdata-field-type=\"text\"\n\t\t\tdata-field-id=\"4\"\n\t\t\t>\n\t\t\t<label class=\"wpforms-field-label\" for=\"wpforms-2173-field_4\" >Name Email number<\/label>\n\t\t\t<input type=\"text\" id=\"wpforms-2173-field_4\" class=\"wpforms-field-medium\" name=\"wpforms[fields][4]\" >\n\t\t<\/div>\n\t\t<div id=\"wpforms-2173-field_1-container\" class=\"wpforms-field wpforms-field-name wpforms-form wpforms-field-label\" data-field-id=\"1\"><fieldset><legend class=\"wpforms-field-label wpforms-label-hide\" aria-hidden=\"false\">Name <span class=\"wpforms-required-label\" aria-hidden=\"true\">*<\/span><\/legend><div class=\"wpforms-field-row wpforms-field-medium\"><div class=\"wpforms-field-row-block wpforms-first wpforms-one-half\"><input type=\"text\" id=\"wpforms-2173-field_1\" class=\"wpforms-field-name-first wpforms-field-required\" name=\"wpforms[fields][1][first]\" placeholder=\"First Name\" aria-errormessage=\"wpforms-2173-field_1-error\" required><label for=\"wpforms-2173-field_1\" class=\"wpforms-field-sublabel after wpforms-sublabel-hide\">F\u00f6rst<\/label><\/div><div class=\"wpforms-field-row-block wpforms-one-half\"><input type=\"text\" id=\"wpforms-2173-field_1-last\" class=\"wpforms-field-name-last wpforms-field-required\" name=\"wpforms[fields][1][last]\" placeholder=\"Last Name\" aria-errormessage=\"wpforms-2173-field_1-last-error\" required><label for=\"wpforms-2173-field_1-last\" class=\"wpforms-field-sublabel after wpforms-sublabel-hide\">Sist<\/label><\/div><\/div><\/fieldset><\/div><div id=\"wpforms-2173-field_2-container\" class=\"wpforms-field wpforms-field-email\" data-field-id=\"2\"><label class=\"wpforms-field-label wpforms-label-hide\" for=\"wpforms-2173-field_2\" aria-hidden=\"false\">Email <span class=\"wpforms-required-label\" aria-hidden=\"true\">*<\/span><\/label><input type=\"email\" id=\"wpforms-2173-field_2\" class=\"wpforms-field-medium wpforms-field-required\" name=\"wpforms[fields][2]\" placeholder=\"E-mail\" spellcheck=\"false\" aria-errormessage=\"wpforms-2173-field_2-error\" required><\/div><div id=\"wpforms-2173-field_5-container\" class=\"wpforms-field wpforms-field-number\" data-field-id=\"5\"><label class=\"wpforms-field-label wpforms-label-hide\" for=\"wpforms-2173-field_5\" aria-hidden=\"false\">Phone number <span class=\"wpforms-required-label\" aria-hidden=\"true\">*<\/span><\/label><input type=\"number\" id=\"wpforms-2173-field_5\" class=\"wpforms-field-medium wpforms-field-required\" name=\"wpforms[fields][5]\" placeholder=\"Phone number\" step=\"any\" aria-errormessage=\"wpforms-2173-field_5-error\" required><\/div><div id=\"wpforms-2173-field_3-container\" class=\"wpforms-field wpforms-field-textarea\" data-field-id=\"3\"><label class=\"wpforms-field-label wpforms-label-hide\" for=\"wpforms-2173-field_3\" aria-hidden=\"false\">your message <span class=\"wpforms-required-label\" aria-hidden=\"true\">*<\/span><\/label><textarea id=\"wpforms-2173-field_3\" class=\"wpforms-field-medium wpforms-field-required\" name=\"wpforms[fields][3]\" placeholder=\"Your message\" aria-errormessage=\"wpforms-2173-field_3-error\" required><\/textarea><\/div><script>\n\t\t\t\t( function() {\n\t\t\t\t\tconst style = document.createElement( 'style' );\n\t\t\t\t\tstyle.appendChild( document.createTextNode( '#wpforms-2173-field_4-container { position: absolute !important; overflow: hidden !important; display: inline !important; height: 1px !important; width: 1px !important; z-index: -1000 !important; padding: 0 !important; } #wpforms-2173-field_4-container input { visibility: hidden; } #wpforms-conversational-form-page #wpforms-2173-field_4-container label { counter-increment: none; }' ) );\n\t\t\t\t\tdocument.head.appendChild( style );\n\t\t\t\t\tdocument.currentScript?.remove();\n\t\t\t\t} )();\n\t\t\t<\/script><\/div><!-- .wpforms-field-container --><div class=\"wpforms-recaptcha-container wpforms-is-recaptcha wpforms-is-recaptcha-type-v2\" ><div class=\"g-recaptcha\" data-sitekey=\"6Ld8-rUqAAAAACayEaJd1gYlZW0Fue5YwzDikOro\"><\/div><input type=\"text\" name=\"g-recaptcha-hidden\" class=\"wpforms-recaptcha-hidden\" style=\"position:absolute!important;clip:rect(0,0,0,0)!important;height:1px!important;width:1px!important;border:0!important;overflow:hidden!important;padding:0!important;margin:0!important;\" data-rule-recaptcha=\"1\"><\/div><div class=\"wpforms-submit-container\" ><input type=\"hidden\" name=\"wpforms[id]\" value=\"2173\"><input type=\"hidden\" name=\"page_title\" value=\"\"><input type=\"hidden\" name=\"page_url\" value=\"https:\/\/plomariplatinum.com\/sv\/wp-json\/wp\/v2\/pages\/694\"><input type=\"hidden\" name=\"url_referer\" value=\"\"><button type=\"submit\" name=\"wpforms[submit]\" id=\"wpforms-submit-2173\" class=\"wpforms-submit\" data-alt-text=\"Sending...\" data-submit-text=\"Submit\" aria-live=\"assertive\" value=\"wpforms-submit\">Submit<\/button><img decoding=\"async\" src=\"https:\/\/plomariplatinum.com\/wp-content\/plugins\/wpforms-lite\/assets\/images\/submit-spin.svg\" class=\"wpforms-submit-spinner\" style=\"display: none;\" width=\"26\" height=\"26\" alt=\"Laddar\"><\/div><\/form><\/div>  <!-- .wpforms-container -->\t\t\t\t<\/div>\n\t\t\t\t<\/div>\n\t\t\t\t\t<\/div>\n\t\t<\/div>\n\t\t\t\t<div class=\"elementor-column elementor-col-50 elementor-inner-column elementor-element elementor-element-2697455\" data-id=\"2697455\" data-element_type=\"column\" data-e-type=\"column\" data-settings=\"{&quot;background_background&quot;:&quot;classic&quot;,&quot;animation&quot;:&quot;none&quot;}\">\n\t\t\t<div class=\"elementor-widget-wrap elementor-element-populated\">\n\t\t\t\t\t\t<div class=\"elementor-element elementor-element-69989b1 elementor-widget elementor-widget-text-editor\" data-id=\"69989b1\" data-element_type=\"widget\" data-e-type=\"widget\" data-widget_type=\"text-editor.default\">\n\t\t\t\t<div class=\"elementor-widget-container\">\n\t\t\t\t\t\t\t\t\t<p><\/p>\n<p><strong>PRODUCTION<\/strong><\/p>\n<p><span style=\"color: #3a3a3a;\">Plomari Platinum<\/span><\/p>\n<p><span style=\"color: #3a3a3a;\">Aghios Isidoros,<\/span><\/p>\n<p><span style=\"color: #3a3a3a;\"> 81200 Lesvos<\/span><\/p>\n<p><span style=\"color: #3a3a3a;\">Greece<\/span><\/p>\n<p><span style=\"color: #3a3a3a;\">\u260f +306977586695<\/span><\/p>\n<p><span style=\"color: #3a3a3a;\"><img decoding=\"async\" draggable=\"false\" role=\"img\" class=\"emoji\" alt=\"\u2709\" src=\"https:\/\/s.w.org\/images\/core\/emoji\/16.0.1\/svg\/2709.svg\"> info@plomariplatinum.com<\/span><\/p>\n<p><strong>DISTRIBUTION &#8211; SALES<\/strong><\/p>\n<p><span style=\"color: #3a3a3a;\">Synelixis AB<\/span><\/p>\n<p><span style=\"color: #3a3a3a;\">\u00d6sterv\u00e4gen 25B<\/span><\/p>\n<p><span style=\"color: #3a3a3a;\"> 169 55 Solna<\/span><\/p>\n<p><span style=\"color: #3a3a3a;\">Sweden<\/span><\/p>\n<p><span style=\"color: #3a3a3a;\">\u260f +<a style=\"color: #3a3a3a;\" href=\"tel:+46722080998\">46722080998<\/a><\/span><\/p>\n<p><span style=\"color: #3a3a3a;\"><img decoding=\"async\" draggable=\"false\" role=\"img\" class=\"emoji\" alt=\"\u2709\" src=\"https:\/\/s.w.org\/images\/core\/emoji\/16.0.1\/svg\/2709.svg\"> info@plomariplatinum.com<\/span><\/p>\n<p><span style=\"color: #3a3a3a;\">vat: SE559120271701<\/span><\/p>\t\t\t\t\t\t\t\t<\/div>\n\t\t\t\t<\/div>\n\t\t\t\t\t<\/div>\n\t\t<\/div>\n\t\t\t\t\t<\/div>\n\t\t<\/section>\n\t\t\t\t<div class=\"elementor-element elementor-element-88b6015 elementor-widget elementor-widget-spacer\" data-id=\"88b6015\" data-element_type=\"widget\" data-e-type=\"widget\" data-widget_type=\"spacer.default\">\n\t\t\t\t<div class=\"elementor-widget-container\">\n\t\t\t\t\t\t\t<div class=\"elementor-spacer\">\n\t\t\t<div class=\"elementor-spacer-inner\"><\/div>\n\t\t<\/div>\n\t\t\t\t\t\t<\/div>\n\t\t\t\t<\/div>\n\t\t\t\t<div class=\"elementor-element elementor-element-4e35ed1 elementor-widget elementor-widget-spacer\" data-id=\"4e35ed1\" data-element_type=\"widget\" data-e-type=\"widget\" data-widget_type=\"spacer.default\">\n\t\t\t\t<div class=\"elementor-widget-container\">\n\t\t\t\t\t\t\t<div class=\"elementor-spacer\">\n\t\t\t<div class=\"elementor-spacer-inner\"><\/div>\n\t\t<\/div>\n\t\t\t\t\t\t<\/div>\n\t\t\t\t<\/div>\n\t\t\t\t\t<\/div>\n\t\t<\/div>\n\t\t\t\t\t<\/div>\n\t\t<\/section>\n\t\t\t\t<\/div>\n\t\t","protected":false},"excerpt":{"rendered":"<p>Get in touch with us! Inquiries &amp; orders Please enable JavaScript in your browser to complete this form.Please enable JavaScript in your browser to complete this form. Name * FirstLast Email *Phone number *your message * Submit PRODUCTION Plomari Platinum Aghios Isidoros, 81200 Lesvos Greece \u260f +306977586695 info@plomariplatinum.com DISTRIBUTION &#8211; SALES Synelixis AB \u00d6sterv\u00e4gen 25B [&hellip;]<\/p>\n","protected":false},"author":2,"featured_media":0,"parent":0,"menu_order":0,"comment_status":"closed","ping_status":"closed","template":"","meta":{"content-type":"","site-sidebar-layout":"no-sidebar","site-content-layout":"page-builder","ast-site-content-layout":"full-width-container","site-content-style":"unboxed","site-sidebar-style":"unboxed","ast-global-header-display":"","ast-banner-title-visibility":"","ast-main-header-display":"","ast-hfb-above-header-display":"","ast-hfb-below-header-display":"","ast-hfb-mobile-header-display":"","site-post-title":"disabled","ast-breadcrumbs-content":"","ast-featured-img":"disabled","footer-sml-layout":"","ast-disable-related-posts":"","theme-transparent-header-meta":"","adv-header-id-meta":"","stick-header-meta":"","header-above-stick-meta":"","header-main-stick-meta":"","header-below-stick-meta":"","astra-migrate-meta-layouts":"set","ast-page-background-enabled":"default","ast-page-background-meta":{"desktop":{"background-color":"","background-image":"","background-repeat":"repeat","background-position":"center center","background-size":"auto","background-attachment":"scroll","background-type":"","background-media":"","overlay-type":"","overlay-color":"","overlay-opacity":"","overlay-gradient":""},"tablet":{"background-color":"","background-image":"","background-repeat":"repeat","background-position":"center center","background-size":"auto","background-attachment":"scroll","background-type":"","background-media":"","overlay-type":"","overlay-color":"","overlay-opacity":"","overlay-gradient":""},"mobile":{"background-color":"","background-image":"","background-repeat":"repeat","background-position":"center center","background-size":"auto","background-attachment":"scroll","background-type":"","background-media":"","overlay-type":"","overlay-color":"","overlay-opacity":"","overlay-gradient":""}},"ast-content-background-meta":{"desktop":{"background-color":"var(--ast-global-color-5)","background-image":"","background-repeat":"repeat","background-position":"center center","background-size":"auto","background-attachment":"scroll","background-type":"","background-media":"","overlay-type":"","overlay-color":"","overlay-opacity":"","overlay-gradient":""},"tablet":{"background-color":"var(--ast-global-color-5)","background-image":"","background-repeat":"repeat","background-position":"center center","background-size":"auto","background-attachment":"scroll","background-type":"","background-media":"","overlay-type":"","overlay-color":"","overlay-opacity":"","overlay-gradient":""},"mobile":{"background-color":"var(--ast-global-color-5)","background-image":"","background-repeat":"repeat","background-position":"center center","background-size":"auto","background-attachment":"scroll","background-type":"","background-media":"","overlay-type":"","overlay-color":"","overlay-opacity":"","overlay-gradient":""}},"footnotes":""},"class_list":["post-694","page","type-page","status-publish","hentry"],"yoast_head":"<!-- This site is optimized with the Yoast SEO plugin v27.4 - https:\/\/yoast.com\/product\/yoast-seo-wordpress\/ -->\n<title>Contact Us \u2013 Olive Oil Orders &amp; Wholesale | Plomari Platinum<\/title>\n<meta name=\"description\" content=\"Contact Plomari Platinum for orders, wholesale inquiries or general questions. Production in Lesvos, Greece. Distribution based in Sweden.\" \/>\n<meta name=\"robots\" content=\"index, follow, max-snippet:-1, max-image-preview:large, max-video-preview:-1\" \/>\n<link rel=\"canonical\" href=\"https:\/\/plomariplatinum.com\/sv\/kontakt\/\" \/>\n<meta property=\"og:locale\" content=\"sv_SE\" \/>\n<meta property=\"og:type\" content=\"article\" \/>\n<meta property=\"og:title\" content=\"Contact Us \u2013 Olive Oil Orders &amp; Wholesale | Plomari Platinum\" \/>\n<meta property=\"og:description\" content=\"Contact Plomari Platinum for orders, wholesale inquiries or general questions. Production in Lesvos, Greece. Distribution based in Sweden.\" \/>\n<meta property=\"og:url\" content=\"https:\/\/plomariplatinum.com\/sv\/kontakt\/\" \/>\n<meta property=\"og:site_name\" content=\"PLOMARI PLATINUM\" \/>\n<meta property=\"article:publisher\" content=\"https:\/\/www.facebook.com\/plomariplatinum\" \/>\n<meta property=\"article:modified_time\" content=\"2026-02-22T17:50:57+00:00\" \/>\n<meta property=\"og:image\" content=\"https:\/\/plomariplatinum.com\/wp-content\/plugins\/wpforms-lite\/assets\/images\/submit-spin.svg\" \/>\n<meta name=\"twitter:card\" content=\"summary_large_image\" \/>\n<meta name=\"twitter:label1\" content=\"Ber\u00e4knad l\u00e4stid\" \/>\n\t<meta name=\"twitter:data1\" content=\"1 minut\" \/>\n<script type=\"application\/ld+json\" class=\"yoast-schema-graph\">{\"@context\":\"https:\\\/\\\/schema.org\",\"@graph\":[{\"@type\":\"WebPage\",\"@id\":\"https:\\\/\\\/plomariplatinum.com\\\/contact\\\/\",\"url\":\"https:\\\/\\\/plomariplatinum.com\\\/contact\\\/\",\"name\":\"Contact Us \u2013 Olive Oil Orders & Wholesale | Plomari Platinum\",\"isPartOf\":{\"@id\":\"https:\\\/\\\/plomariplatinum.com\\\/#website\"},\"primaryImageOfPage\":{\"@id\":\"https:\\\/\\\/plomariplatinum.com\\\/contact\\\/#primaryimage\"},\"image\":{\"@id\":\"https:\\\/\\\/plomariplatinum.com\\\/contact\\\/#primaryimage\"},\"thumbnailUrl\":\"https:\\\/\\\/plomariplatinum.com\\\/wp-content\\\/plugins\\\/wpforms-lite\\\/assets\\\/images\\\/submit-spin.svg\",\"datePublished\":\"2023-05-09T23:03:28+00:00\",\"dateModified\":\"2026-02-22T17:50:57+00:00\",\"description\":\"Contact Plomari Platinum for orders, wholesale inquiries or general questions. Production in Lesvos, Greece. Distribution based in Sweden.\",\"breadcrumb\":{\"@id\":\"https:\\\/\\\/plomariplatinum.com\\\/contact\\\/#breadcrumb\"},\"inLanguage\":\"sv-SE\",\"potentialAction\":[{\"@type\":\"ReadAction\",\"target\":[\"https:\\\/\\\/plomariplatinum.com\\\/contact\\\/\"]}]},{\"@type\":\"ImageObject\",\"inLanguage\":\"sv-SE\",\"@id\":\"https:\\\/\\\/plomariplatinum.com\\\/contact\\\/#primaryimage\",\"url\":\"https:\\\/\\\/plomariplatinum.com\\\/wp-content\\\/plugins\\\/wpforms-lite\\\/assets\\\/images\\\/submit-spin.svg\",\"contentUrl\":\"https:\\\/\\\/plomariplatinum.com\\\/wp-content\\\/plugins\\\/wpforms-lite\\\/assets\\\/images\\\/submit-spin.svg\"},{\"@type\":\"BreadcrumbList\",\"@id\":\"https:\\\/\\\/plomariplatinum.com\\\/contact\\\/#breadcrumb\",\"itemListElement\":[{\"@type\":\"ListItem\",\"position\":1,\"name\":\"Home\",\"item\":\"https:\\\/\\\/plomariplatinum.com\\\/\"},{\"@type\":\"ListItem\",\"position\":2,\"name\":\"Contact\"}]},{\"@type\":\"WebSite\",\"@id\":\"https:\\\/\\\/plomariplatinum.com\\\/#website\",\"url\":\"https:\\\/\\\/plomariplatinum.com\\\/\",\"name\":\"PLOMARI PLATINUM | Finest Olive Oil rich in polyphenols, oleocanthal and a high culinary value - gourm\u00e9t olive oil - EVOO- Plomari, Lesvos, Greece\",\"description\":\"| Finest Olive Oil rich in polyphenols, oleocanthal and a high culinary value - gourm\u00e9t olive oil - EVOO- Plomari, Lesvos, Greece\",\"publisher\":{\"@id\":\"https:\\\/\\\/plomariplatinum.com\\\/#organization\"},\"alternateName\":\"Plomari Platinum: finest olive oil rich in polyphenols, oleocanthal and a high culinary value - gourm\u00e9t olive oil - EVOO- Plomari, Lesvos, Greece\",\"potentialAction\":[{\"@type\":\"SearchAction\",\"target\":{\"@type\":\"EntryPoint\",\"urlTemplate\":\"https:\\\/\\\/plomariplatinum.com\\\/?s={search_term_string}\"},\"query-input\":{\"@type\":\"PropertyValueSpecification\",\"valueRequired\":true,\"valueName\":\"search_term_string\"}}],\"inLanguage\":\"sv-SE\"},{\"@type\":\"Organization\",\"@id\":\"https:\\\/\\\/plomariplatinum.com\\\/#organization\",\"name\":\"PLOMARI PLATINUM - FAMILY PRODUCTION\",\"alternateName\":\"Synelixis AB\",\"url\":\"https:\\\/\\\/plomariplatinum.com\\\/\",\"logo\":{\"@type\":\"ImageObject\",\"inLanguage\":\"sv-SE\",\"@id\":\"https:\\\/\\\/plomariplatinum.com\\\/#\\\/schema\\\/logo\\\/image\\\/\",\"url\":\"https:\\\/\\\/plomariplatinum.com\\\/wp-content\\\/uploads\\\/2024\\\/11\\\/Asset-1.webp\",\"contentUrl\":\"https:\\\/\\\/plomariplatinum.com\\\/wp-content\\\/uploads\\\/2024\\\/11\\\/Asset-1.webp\",\"width\":365,\"height\":86,\"caption\":\"PLOMARI PLATINUM - FAMILY PRODUCTION\"},\"image\":{\"@id\":\"https:\\\/\\\/plomariplatinum.com\\\/#\\\/schema\\\/logo\\\/image\\\/\"},\"sameAs\":[\"https:\\\/\\\/www.facebook.com\\\/plomariplatinum\",\"https:\\\/\\\/www.instagram.com\\\/plomariplatinum\"]}]}<\/script>\n<!-- \/ Yoast SEO plugin. -->","yoast_head_json":{"title":"Kontakta oss - Best\u00e4llningar och partihandel med olivolja | Plomari Platinum","description":"Kontakta Plomari Platinum f\u00f6r best\u00e4llningar, grossistf\u00f6rfr\u00e5gningar eller allm\u00e4nna fr\u00e5gor. Produktion i Lesvos, Grekland. Distribution baserad i Sverige.","robots":{"index":"index","follow":"follow","max-snippet":"max-snippet:-1","max-image-preview":"max-image-preview:large","max-video-preview":"max-video-preview:-1"},"canonical":"https:\/\/plomariplatinum.com\/sv\/kontakt\/","og_locale":"sv_SE","og_type":"article","og_title":"Contact Us \u2013 Olive Oil Orders & Wholesale | Plomari Platinum","og_description":"Contact Plomari Platinum for orders, wholesale inquiries or general questions. Production in Lesvos, Greece. Distribution based in Sweden.","og_url":"https:\/\/plomariplatinum.com\/sv\/kontakt\/","og_site_name":"PLOMARI PLATINUM","article_publisher":"https:\/\/www.facebook.com\/plomariplatinum","article_modified_time":"2026-02-22T17:50:57+00:00","og_image":[{"url":"https:\/\/plomariplatinum.com\/wp-content\/plugins\/wpforms-lite\/assets\/images\/submit-spin.svg","type":"","width":"","height":""}],"twitter_card":"summary_large_image","twitter_misc":{"Ber\u00e4knad l\u00e4stid":"1 minut"},"schema":{"@context":"https:\/\/schema.org","@graph":[{"@type":"WebPage","@id":"https:\/\/plomariplatinum.com\/contact\/","url":"https:\/\/plomariplatinum.com\/contact\/","name":"Kontakta oss - Best\u00e4llningar och partihandel med olivolja | Plomari Platinum","isPartOf":{"@id":"https:\/\/plomariplatinum.com\/#website"},"primaryImageOfPage":{"@id":"https:\/\/plomariplatinum.com\/contact\/#primaryimage"},"image":{"@id":"https:\/\/plomariplatinum.com\/contact\/#primaryimage"},"thumbnailUrl":"https:\/\/plomariplatinum.com\/wp-content\/plugins\/wpforms-lite\/assets\/images\/submit-spin.svg","datePublished":"2023-05-09T23:03:28+00:00","dateModified":"2026-02-22T17:50:57+00:00","description":"Kontakta Plomari Platinum f\u00f6r best\u00e4llningar, grossistf\u00f6rfr\u00e5gningar eller allm\u00e4nna fr\u00e5gor. Produktion i Lesvos, Grekland. Distribution baserad i Sverige.","breadcrumb":{"@id":"https:\/\/plomariplatinum.com\/contact\/#breadcrumb"},"inLanguage":"sv-SE","potentialAction":[{"@type":"ReadAction","target":["https:\/\/plomariplatinum.com\/contact\/"]}]},{"@type":"ImageObject","inLanguage":"sv-SE","@id":"https:\/\/plomariplatinum.com\/contact\/#primaryimage","url":"https:\/\/plomariplatinum.com\/wp-content\/plugins\/wpforms-lite\/assets\/images\/submit-spin.svg","contentUrl":"https:\/\/plomariplatinum.com\/wp-content\/plugins\/wpforms-lite\/assets\/images\/submit-spin.svg"},{"@type":"BreadcrumbList","@id":"https:\/\/plomariplatinum.com\/contact\/#breadcrumb","itemListElement":[{"@type":"ListItem","position":1,"name":"Home","item":"https:\/\/plomariplatinum.com\/"},{"@type":"ListItem","position":2,"name":"Contact"}]},{"@type":"WebSite","@id":"https:\/\/plomariplatinum.com\/#website","url":"https:\/\/plomariplatinum.com\/","name":"PLOMARI PLATINUM | Finaste olivolja rik p\u00e5 polyfenoler, oleocanthal och ett h\u00f6gt kulinariskt v\u00e4rde - gourm\u00e9tolivolja - EVOO- Plomari, Lesvos, Grekland","description":"| Finaste olivolja rik p\u00e5 polyfenoler, oleocanthal och ett h\u00f6gt kulinariskt v\u00e4rde - gourm\u00e9tolivolja - EVOO- Plomari, Lesvos, Grekland","publisher":{"@id":"https:\/\/plomariplatinum.com\/#organization"},"alternateName":"Plomari Platinum: finest olive oil rich in polyphenols, oleocanthal and a high culinary value - gourm\u00e9t olive oil - EVOO- Plomari, Lesvos, Greece","potentialAction":[{"@type":"SearchAction","target":{"@type":"EntryPoint","urlTemplate":"https:\/\/plomariplatinum.com\/?s={search_term_string}"},"query-input":{"@type":"PropertyValueSpecification","valueRequired":true,"valueName":"search_term_string"}}],"inLanguage":"sv-SE"},{"@type":"Organization","@id":"https:\/\/plomariplatinum.com\/#organization","name":"PLOMARI PLATINUM - FAMILJEPRODUKTION","alternateName":"Synelixis AB","url":"https:\/\/plomariplatinum.com\/","logo":{"@type":"ImageObject","inLanguage":"sv-SE","@id":"https:\/\/plomariplatinum.com\/#\/schema\/logo\/image\/","url":"https:\/\/plomariplatinum.com\/wp-content\/uploads\/2024\/11\/Asset-1.webp","contentUrl":"https:\/\/plomariplatinum.com\/wp-content\/uploads\/2024\/11\/Asset-1.webp","width":365,"height":86,"caption":"PLOMARI PLATINUM - FAMILY PRODUCTION"},"image":{"@id":"https:\/\/plomariplatinum.com\/#\/schema\/logo\/image\/"},"sameAs":["https:\/\/www.facebook.com\/plomariplatinum","https:\/\/www.instagram.com\/plomariplatinum"]}]}},"_links":{"self":[{"href":"https:\/\/plomariplatinum.com\/sv\/wp-json\/wp\/v2\/pages\/694","targetHints":{"allow":["GET"]}}],"collection":[{"href":"https:\/\/plomariplatinum.com\/sv\/wp-json\/wp\/v2\/pages"}],"about":[{"href":"https:\/\/plomariplatinum.com\/sv\/wp-json\/wp\/v2\/types\/page"}],"author":[{"embeddable":true,"href":"https:\/\/plomariplatinum.com\/sv\/wp-json\/wp\/v2\/users\/2"}],"replies":[{"embeddable":true,"href":"https:\/\/plomariplatinum.com\/sv\/wp-json\/wp\/v2\/comments?post=694"}],"version-history":[{"count":6,"href":"https:\/\/plomariplatinum.com\/sv\/wp-json\/wp\/v2\/pages\/694\/revisions"}],"predecessor-version":[{"id":8404,"href":"https:\/\/plomariplatinum.com\/sv\/wp-json\/wp\/v2\/pages\/694\/revisions\/8404"}],"wp:attachment":[{"href":"https:\/\/plomariplatinum.com\/sv\/wp-json\/wp\/v2\/media?parent=694"}],"curies":[{"name":"wp","href":"https:\/\/api.w.org\/{rel}","templated":true}]}}