{"id":8492,"date":"2026-02-13T02:19:05","date_gmt":"2026-02-13T00:19:05","guid":{"rendered":"https:\/\/plomariplatinum.com\/?page_id=8492"},"modified":"2026-02-13T02:19:06","modified_gmt":"2026-02-13T00:19:06","slug":"villkor-villkor","status":"publish","type":"page","link":"https:\/\/plomariplatinum.com\/sv\/terms-conditions\/","title":{"rendered":"Villkor och anvisningar"},"content":{"rendered":"<h2>Villkor och anvisningar (webbutik)<\/h2>\n<p><strong>Datum f\u00f6r ikrafttr\u00e4dande:<\/strong> 12 februari 2026<\/p>\n\n<p>Dessa villkor g\u00e4ller n\u00e4r du g\u00f6r en best\u00e4llning hos <strong>shop.plomariplatinum.com<\/strong> (\u201cButiken\u201d). Genom att g\u00f6ra en best\u00e4llning godk\u00e4nner du dessa villkor.<\/p>\n\n<h3>1. Information om s\u00e4ljaren<\/h3>\n<ul>\n  <li><strong>F\u00f6retag:<\/strong> Synelixis AB<\/li>\n  <li><strong>MOMS:<\/strong> SE559120271701<\/li>\n  <li><strong>Adress:<\/strong> \u00d6sterv\u00e4gen 25B, 16955 Solna, Sverige<\/li>\n  <li><strong>E-post:<\/strong> info@plomariplatinum.com<\/li>\n  <li><strong>Tfn:<\/strong> +46722080998<\/li>\n  <li><strong>Webbplatser:<\/strong> www.plomariplatinum.com \/ shop.plomariplatinum.com<\/li>\n<\/ul>\n\n<h3>2. Produkter<\/h3>\n<p>Vi s\u00e4ljer olivolja och relaterade produkter. Vi str\u00e4var efter att beskriva produkterna p\u00e5 ett korrekt s\u00e4tt. Bilderna \u00e4r illustrativa och mindre variationer i f\u00f6rpackningar\/etiketter kan f\u00f6rekomma.<\/p>\n\n<h3>3. Priser och avgifter<\/h3>\n<p>Priserna visas i kassan. Om inget annat anges inkluderar priserna till\u00e4mplig moms. Fraktkostnader och eventuella andra avgifter visas innan du slutf\u00f6r din best\u00e4llning.<\/p>\n\n<h3>4. Best\u00e4llningar och avtal<\/h3>\n<ul>\n  <li>Du l\u00e4gger en order genom att slutf\u00f6ra kassan.<\/li>\n  <li>Du kommer att f\u00e5 en orderbekr\u00e4ftelse via e-post efter att du har checkat ut.<\/li>\n  <li>Vi kan neka\/annullera best\u00e4llningar vid misst\u00e4nkt bedr\u00e4geri, uppenbara prisfel eller lagerproblem. Om vi avbryter efter betalning \u00e5terbetalar vi dig.<\/li>\n<\/ul>\n\n<h3>5. Betalning<\/h3>\n<p>Betalningar sker via <strong>Mollie Betalningar<\/strong> med hj\u00e4lp av de metoder som finns tillg\u00e4ngliga i kassan. Vi lagrar inte fullst\u00e4ndiga betalkortsuppgifter.<\/p>\n\n<h3>6. Leverans<\/h3>\n<p>Leveransalternativ, ber\u00e4knade tider och fraktkostnader visas i kassan (och\/eller p\u00e5 v\u00e5r fraktsida om s\u00e5dan finns). Risken \u00f6verg\u00e5r till dig vid mottagandet (med f\u00f6rbeh\u00e5ll f\u00f6r tvingande konsumentlagstiftning). Om ett paket anl\u00e4nder skadat, kontakta oss omedelbart med foton.<\/p>\n\n<h3>7. \u00c5ngerr\u00e4tt och returr\u00e4tt<\/h3>\n<p>Om du \u00e4r konsument inom EU\/EES har du normalt 14 dagars \u00e5ngerr\u00e4tt vid distansk\u00f6p. Se v\u00e5r <strong>Policy f\u00f6r returer och \u00e5terbetalningar<\/strong> f\u00f6r mer information och instruktioner.<\/p>\n\n<h3>8. Brister och reklamationer<\/h3>\n<p>Om varorna \u00e4r defekta eller skadade vid ankomsten har du r\u00e4tt till gottg\u00f6relse enligt g\u00e4llande konsumentskyddslagar. Kontakta oss med ditt ordernummer och uppgifter (foton om det \u00e4r relevant).<\/p>\n\n<h3>9. Ansvarsf\u00f6rdelning<\/h3>\n<p>Ingenting i dessa villkor begr\u00e4nsar r\u00e4ttigheter som inte kan begr\u00e4nsas enligt lag. Med f\u00f6rbeh\u00e5ll f\u00f6r tvingande lag \u00e4r vi inte ansvariga f\u00f6r indirekta f\u00f6rluster och f\u00f6rseningar som ligger utanf\u00f6r v\u00e5r rimliga kontroll.<\/p>\n\n<h3>10. Sekretess<\/h3>\n<p>Vi behandlar personuppgifter i enlighet med v\u00e5r integritetspolicy och cookiepolicy.<\/p>\n\n<h3>11. Till\u00e4mplig lag<\/h3>\n<p>Dessa villkor regleras av svensk lag. Om du \u00e4r konsument omfattas du \u00e4ven av tvingande skydd i det land d\u00e4r du \u00e4r bosatt inom EU\/EES.<\/p>\n\n<h3>12. Kontakt<\/h3>\n<p>Fr\u00e5gor: <strong>info@plomariplatinum.com<\/strong><\/p>","protected":false},"excerpt":{"rendered":"<p>Terms &amp; Conditions (Online Store) Effective date: 12 February 2026 These Terms &amp; Conditions apply when you place an order at shop.plomariplatinum.com (the \u201cStore\u201d). By placing an order, you agree to these terms. 1. Seller information Company: Synelixis AB VAT: SE559120271701 Address: \u00d6sterv\u00e4gen 25B, 16955 Solna, Sweden Email: info@plomariplatinum.com Tel: +46722080998 Websites: www.plomariplatinum.com \/ shop.plomariplatinum.com [&hellip;]<\/p>\n","protected":false},"author":2,"featured_media":0,"parent":0,"menu_order":0,"comment_status":"closed","ping_status":"closed","template":"","meta":{"content-type":"","site-sidebar-layout":"default","site-content-layout":"","ast-site-content-layout":"default","site-content-style":"default","site-sidebar-style":"default","ast-global-header-display":"","ast-banner-title-visibility":"","ast-main-header-display":"","ast-hfb-above-header-display":"","ast-hfb-below-header-display":"","ast-hfb-mobile-header-display":"","site-post-title":"","ast-breadcrumbs-content":"","ast-featured-img":"","footer-sml-layout":"","ast-disable-related-posts":"","theme-transparent-header-meta":"","adv-header-id-meta":"","stick-header-meta":"","header-above-stick-meta":"","header-main-stick-meta":"","header-below-stick-meta":"","astra-migrate-meta-layouts":"set","ast-page-background-enabled":"default","ast-page-background-meta":{"desktop":{"background-color":"","background-image":"","background-repeat":"repeat","background-position":"center center","background-size":"auto","background-attachment":"scroll","background-type":"","background-media":"","overlay-type":"","overlay-color":"","overlay-opacity":"","overlay-gradient":""},"tablet":{"background-color":"","background-image":"","background-repeat":"repeat","background-position":"center center","background-size":"auto","background-attachment":"scroll","background-type":"","background-media":"","overlay-type":"","overlay-color":"","overlay-opacity":"","overlay-gradient":""},"mobile":{"background-color":"","background-image":"","background-repeat":"repeat","background-position":"center center","background-size":"auto","background-attachment":"scroll","background-type":"","background-media":"","overlay-type":"","overlay-color":"","overlay-opacity":"","overlay-gradient":""}},"ast-content-background-meta":{"desktop":{"background-color":"var(--ast-global-color-5)","background-image":"","background-repeat":"repeat","background-position":"center center","background-size":"auto","background-attachment":"scroll","background-type":"","background-media":"","overlay-type":"","overlay-color":"","overlay-opacity":"","overlay-gradient":""},"tablet":{"background-color":"var(--ast-global-color-5)","background-image":"","background-repeat":"repeat","background-position":"center center","background-size":"auto","background-attachment":"scroll","background-type":"","background-media":"","overlay-type":"","overlay-color":"","overlay-opacity":"","overlay-gradient":""},"mobile":{"background-color":"var(--ast-global-color-5)","background-image":"","background-repeat":"repeat","background-position":"center center","background-size":"auto","background-attachment":"scroll","background-type":"","background-media":"","overlay-type":"","overlay-color":"","overlay-opacity":"","overlay-gradient":""}},"footnotes":""},"class_list":["post-8492","page","type-page","status-publish","hentry"],"yoast_head":"<!-- This site is optimized with the Yoast SEO plugin v27.6 - https:\/\/yoast.com\/product\/yoast-seo-wordpress\/ -->\n<title>Terms &amp; Conditions - PLOMARI PLATINUM<\/title>\n<meta name=\"description\" content=\"Plomari Platinum early-harvest extra virgin olive oil from Lesvos\u2014rich in polyphenols with an EU health claim. Limited family production.\" \/>\n<meta name=\"robots\" content=\"index, follow, max-snippet:-1, max-image-preview:large, max-video-preview:-1\" \/>\n<link rel=\"canonical\" href=\"https:\/\/plomariplatinum.com\/sv\/villkor-villkor\/\" \/>\n<meta property=\"og:locale\" content=\"sv_SE\" \/>\n<meta property=\"og:type\" content=\"article\" \/>\n<meta property=\"og:title\" content=\"Terms &amp; Conditions - PLOMARI PLATINUM\" \/>\n<meta property=\"og:description\" content=\"Plomari Platinum early-harvest extra virgin olive oil from Lesvos\u2014rich in polyphenols with an EU health claim. Limited family production.\" \/>\n<meta property=\"og:url\" content=\"https:\/\/plomariplatinum.com\/sv\/villkor-villkor\/\" \/>\n<meta property=\"og:site_name\" content=\"PLOMARI PLATINUM\" \/>\n<meta property=\"article:publisher\" content=\"https:\/\/www.facebook.com\/plomariplatinum\" \/>\n<meta property=\"article:modified_time\" content=\"2026-02-13T00:19:06+00:00\" \/>\n<meta property=\"og:image\" content=\"https:\/\/plomariplatinum.com\/wp-content\/uploads\/2025\/02\/Plomari-Platinum-early-harvest-in-olive-groves-scaled-e1738774340158.webp\" \/>\n\t<meta property=\"og:image:width\" content=\"1718\" \/>\n\t<meta property=\"og:image:height\" content=\"1168\" \/>\n\t<meta property=\"og:image:type\" content=\"image\/webp\" \/>\n<meta name=\"twitter:card\" content=\"summary_large_image\" \/>\n<meta name=\"twitter:label1\" content=\"Ber\u00e4knad l\u00e4stid\" \/>\n\t<meta name=\"twitter:data1\" content=\"2 minuter\" \/>\n<script type=\"application\/ld+json\" class=\"yoast-schema-graph\">{\"@context\":\"https:\\\/\\\/schema.org\",\"@graph\":[{\"@type\":\"WebPage\",\"@id\":\"https:\\\/\\\/plomariplatinum.com\\\/terms-conditions\\\/\",\"url\":\"https:\\\/\\\/plomariplatinum.com\\\/terms-conditions\\\/\",\"name\":\"Terms &amp; Conditions - PLOMARI PLATINUM\",\"isPartOf\":{\"@id\":\"https:\\\/\\\/plomariplatinum.com\\\/#website\"},\"datePublished\":\"2026-02-13T00:19:05+00:00\",\"dateModified\":\"2026-02-13T00:19:06+00:00\",\"description\":\"Plomari Platinum early-harvest extra virgin olive oil from Lesvos\u2014rich in polyphenols with an EU health claim. Limited family production.\",\"breadcrumb\":{\"@id\":\"https:\\\/\\\/plomariplatinum.com\\\/terms-conditions\\\/#breadcrumb\"},\"inLanguage\":\"sv-SE\",\"potentialAction\":[{\"@type\":\"ReadAction\",\"target\":[\"https:\\\/\\\/plomariplatinum.com\\\/terms-conditions\\\/\"]}]},{\"@type\":\"BreadcrumbList\",\"@id\":\"https:\\\/\\\/plomariplatinum.com\\\/terms-conditions\\\/#breadcrumb\",\"itemListElement\":[{\"@type\":\"ListItem\",\"position\":1,\"name\":\"Home\",\"item\":\"https:\\\/\\\/plomariplatinum.com\\\/\"},{\"@type\":\"ListItem\",\"position\":2,\"name\":\"Terms &amp; Conditions\"}]},{\"@type\":\"WebSite\",\"@id\":\"https:\\\/\\\/plomariplatinum.com\\\/#website\",\"url\":\"https:\\\/\\\/plomariplatinum.com\\\/\",\"name\":\"PLOMARI PLATINUM | Finest Olive Oil rich in polyphenols, oleocanthal and a high culinary value - gourm\u00e9t olive oil - EVOO- Plomari, Lesvos, Greece\",\"description\":\"| Finest Olive Oil rich in polyphenols, oleocanthal and a high culinary value - gourm\u00e9t olive oil - EVOO- Plomari, Lesvos, Greece\",\"publisher\":{\"@id\":\"https:\\\/\\\/plomariplatinum.com\\\/#organization\"},\"alternateName\":\"Plomari Platinum: finest olive oil rich in polyphenols, oleocanthal and a high culinary value - gourm\u00e9t olive oil - EVOO- Plomari, Lesvos, Greece\",\"potentialAction\":[{\"@type\":\"SearchAction\",\"target\":{\"@type\":\"EntryPoint\",\"urlTemplate\":\"https:\\\/\\\/plomariplatinum.com\\\/?s={search_term_string}\"},\"query-input\":{\"@type\":\"PropertyValueSpecification\",\"valueRequired\":true,\"valueName\":\"search_term_string\"}}],\"inLanguage\":\"sv-SE\"},{\"@type\":\"Organization\",\"@id\":\"https:\\\/\\\/plomariplatinum.com\\\/#organization\",\"name\":\"PLOMARI PLATINUM - FAMILY PRODUCTION\",\"alternateName\":\"Synelixis AB\",\"url\":\"https:\\\/\\\/plomariplatinum.com\\\/\",\"logo\":{\"@type\":\"ImageObject\",\"inLanguage\":\"sv-SE\",\"@id\":\"https:\\\/\\\/plomariplatinum.com\\\/#\\\/schema\\\/logo\\\/image\\\/\",\"url\":\"https:\\\/\\\/plomariplatinum.com\\\/wp-content\\\/uploads\\\/2024\\\/11\\\/Asset-1.webp\",\"contentUrl\":\"https:\\\/\\\/plomariplatinum.com\\\/wp-content\\\/uploads\\\/2024\\\/11\\\/Asset-1.webp\",\"width\":365,\"height\":86,\"caption\":\"PLOMARI PLATINUM - FAMILY PRODUCTION\"},\"image\":{\"@id\":\"https:\\\/\\\/plomariplatinum.com\\\/#\\\/schema\\\/logo\\\/image\\\/\"},\"sameAs\":[\"https:\\\/\\\/www.facebook.com\\\/plomariplatinum\",\"https:\\\/\\\/www.instagram.com\\\/plomariplatinum\"]}]}<\/script>\n<!-- \/ Yoast SEO plugin. -->","yoast_head_json":{"title":"Villkor och anvisningar - PLOMARI PLATINUM","description":"Plomari Platinum extra jungfruolja fr\u00e5n Lesvos med tidig sk\u00f6rd - rik p\u00e5 polyfenoler med EU:s h\u00e4lsop\u00e5st\u00e5ende. Begr\u00e4nsad familjeproduktion.","robots":{"index":"index","follow":"follow","max-snippet":"max-snippet:-1","max-image-preview":"max-image-preview:large","max-video-preview":"max-video-preview:-1"},"canonical":"https:\/\/plomariplatinum.com\/sv\/villkor-villkor\/","og_locale":"sv_SE","og_type":"article","og_title":"Terms &amp; Conditions - PLOMARI PLATINUM","og_description":"Plomari Platinum early-harvest extra virgin olive oil from Lesvos\u2014rich in polyphenols with an EU health claim. Limited family production.","og_url":"https:\/\/plomariplatinum.com\/sv\/villkor-villkor\/","og_site_name":"PLOMARI PLATINUM","article_publisher":"https:\/\/www.facebook.com\/plomariplatinum","article_modified_time":"2026-02-13T00:19:06+00:00","og_image":[{"width":1718,"height":1168,"url":"https:\/\/plomariplatinum.com\/wp-content\/uploads\/2025\/02\/Plomari-Platinum-early-harvest-in-olive-groves-scaled-e1738774340158.webp","type":"image\/webp"}],"twitter_card":"summary_large_image","twitter_misc":{"Ber\u00e4knad l\u00e4stid":"2 minuter"},"schema":{"@context":"https:\/\/schema.org","@graph":[{"@type":"WebPage","@id":"https:\/\/plomariplatinum.com\/terms-conditions\/","url":"https:\/\/plomariplatinum.com\/terms-conditions\/","name":"Villkor och anvisningar - PLOMARI PLATINUM","isPartOf":{"@id":"https:\/\/plomariplatinum.com\/#website"},"datePublished":"2026-02-13T00:19:05+00:00","dateModified":"2026-02-13T00:19:06+00:00","description":"Plomari Platinum extra jungfruolja fr\u00e5n Lesvos med tidig sk\u00f6rd - rik p\u00e5 polyfenoler med EU:s h\u00e4lsop\u00e5st\u00e5ende. Begr\u00e4nsad familjeproduktion.","breadcrumb":{"@id":"https:\/\/plomariplatinum.com\/terms-conditions\/#breadcrumb"},"inLanguage":"sv-SE","potentialAction":[{"@type":"ReadAction","target":["https:\/\/plomariplatinum.com\/terms-conditions\/"]}]},{"@type":"BreadcrumbList","@id":"https:\/\/plomariplatinum.com\/terms-conditions\/#breadcrumb","itemListElement":[{"@type":"ListItem","position":1,"name":"Home","item":"https:\/\/plomariplatinum.com\/"},{"@type":"ListItem","position":2,"name":"Terms &amp; Conditions"}]},{"@type":"WebSite","@id":"https:\/\/plomariplatinum.com\/#website","url":"https:\/\/plomariplatinum.com\/","name":"PLOMARI PLATINUM | Finaste olivolja rik p\u00e5 polyfenoler, oleocanthal och ett h\u00f6gt kulinariskt v\u00e4rde - gourm\u00e9tolivolja - EVOO- Plomari, Lesvos, Grekland","description":"| Finaste olivolja rik p\u00e5 polyfenoler, oleocanthal och ett h\u00f6gt kulinariskt v\u00e4rde - gourm\u00e9tolivolja - EVOO- Plomari, Lesvos, Grekland","publisher":{"@id":"https:\/\/plomariplatinum.com\/#organization"},"alternateName":"Plomari Platinum: finest olive oil rich in polyphenols, oleocanthal and a high culinary value - gourm\u00e9t olive oil - EVOO- Plomari, Lesvos, Greece","potentialAction":[{"@type":"SearchAction","target":{"@type":"EntryPoint","urlTemplate":"https:\/\/plomariplatinum.com\/?s={search_term_string}"},"query-input":{"@type":"PropertyValueSpecification","valueRequired":true,"valueName":"search_term_string"}}],"inLanguage":"sv-SE"},{"@type":"Organization","@id":"https:\/\/plomariplatinum.com\/#organization","name":"PLOMARI PLATINUM - FAMILJEPRODUKTION","alternateName":"Synelixis AB","url":"https:\/\/plomariplatinum.com\/","logo":{"@type":"ImageObject","inLanguage":"sv-SE","@id":"https:\/\/plomariplatinum.com\/#\/schema\/logo\/image\/","url":"https:\/\/plomariplatinum.com\/wp-content\/uploads\/2024\/11\/Asset-1.webp","contentUrl":"https:\/\/plomariplatinum.com\/wp-content\/uploads\/2024\/11\/Asset-1.webp","width":365,"height":86,"caption":"PLOMARI PLATINUM - FAMILY PRODUCTION"},"image":{"@id":"https:\/\/plomariplatinum.com\/#\/schema\/logo\/image\/"},"sameAs":["https:\/\/www.facebook.com\/plomariplatinum","https:\/\/www.instagram.com\/plomariplatinum"]}]}},"_links":{"self":[{"href":"https:\/\/plomariplatinum.com\/sv\/wp-json\/wp\/v2\/pages\/8492","targetHints":{"allow":["GET"]}}],"collection":[{"href":"https:\/\/plomariplatinum.com\/sv\/wp-json\/wp\/v2\/pages"}],"about":[{"href":"https:\/\/plomariplatinum.com\/sv\/wp-json\/wp\/v2\/types\/page"}],"author":[{"embeddable":true,"href":"https:\/\/plomariplatinum.com\/sv\/wp-json\/wp\/v2\/users\/2"}],"replies":[{"embeddable":true,"href":"https:\/\/plomariplatinum.com\/sv\/wp-json\/wp\/v2\/comments?post=8492"}],"version-history":[{"count":1,"href":"https:\/\/plomariplatinum.com\/sv\/wp-json\/wp\/v2\/pages\/8492\/revisions"}],"predecessor-version":[{"id":8493,"href":"https:\/\/plomariplatinum.com\/sv\/wp-json\/wp\/v2\/pages\/8492\/revisions\/8493"}],"wp:attachment":[{"href":"https:\/\/plomariplatinum.com\/sv\/wp-json\/wp\/v2\/media?parent=8492"}],"curies":[{"name":"wp","href":"https:\/\/api.w.org\/{rel}","templated":true}]}}